{"id":7894,"date":"2021-09-17T21:30:52","date_gmt":"2021-09-17T19:30:52","guid":{"rendered":"https:\/\/bertrandwaucquez.be\/persoverzicht\/"},"modified":"2024-03-15T08:42:21","modified_gmt":"2024-03-15T07:42:21","slug":"persoverzicht","status":"publish","type":"page","link":"https:\/\/bertrandwaucquez.be\/nl\/persoverzicht\/","title":{"rendered":"Persoverzicht"},"content":{"rendered":"<h3>Persoverzicht<\/h3>\n<p>In dit gedeelte hebben we<br \/>\nenkele artikelen die sindsdien in de pers zijn verschenen<br \/>\nbegin 2019.<\/p>\n<p>&nbsp;<\/p>\n<p><a role=\"button\" href=\"https:\/\/www.lavenir.net\/regions\/brabantwallon\/2022\/04\/09\/dans-la-peripherie-flamande-de-bxl-les-prix-de-limmobilier-senvolent-aussi-2JUN5WJMT5G6LHJLN4LUIHAFIY\/\" target=\"_blank\" rel=\"noopener\"><br \/>\n<\/a><br \/>\n<a href=\"https:\/\/bertrandwaucquez.be\/wp-content\/uploads\/2021\/09\/20210208-La_Capitale-Le-capteur-de-CO2-une-arme-de-plus-dans-la-lutte-contre-le-Covid.pdf\" target=\"_blank\" rel=\"noopener\"><br \/>\n<img decoding=\"async\" src=\"https:\/\/bertrandwaucquez.be\/wp-content\/uploads\/2022\/04\/Print-screen-LE-SOIR-nov-2021.jpg\" alt=\"\" width=\"519\" height=\"573\"> <\/a><\/p>\n<h2>2021-11-16 \/ Le Soir<\/h2>\n<p>Coronavirus: Kraainem,<br \/>\nDe best geventileerde gemeente van Belgi\u00eb<\/p>\n<p><a role=\"button\" href=\"https:\/\/bertrandwaucquez.be\/wp-content\/uploads\/2022\/04\/Le_Soir_17_Nov_2021_les-pouvoirs-publics-mettent-enfin-le-turbo-pour-doper-la-qualite-de-lair-interieur.pdf\" target=\"_blank\" rel=\"noopener\"><br \/>\nLees het artikel<br \/>\n<\/a><br \/>\n<a href=\"https:\/\/bertrandwaucquez.be\/wp-content\/uploads\/2021\/09\/20210208-La_Capitale-Le-capteur-de-CO2-une-arme-de-plus-dans-la-lutte-contre-le-Covid.pdf\" target=\"_blank\" rel=\"noopener\"><br \/>\n<img decoding=\"async\" src=\"https:\/\/bertrandwaucquez.be\/wp-content\/uploads\/2022\/02\/2022-02-01-HNB-visitation.jpg\" alt=\"\" width=\"604\" height=\"710\"> <\/a><\/p>\n<h2>2022-01-03 \/ Het Nieuwsblad<\/h2>\n<p>Zusters Visitatie verlaten hun klooster: beschermd complex wordt opvanghuis voor kinderen en moeders in nood<\/p>\n<p><a role=\"button\" href=\"https:\/\/www.nieuwsblad.be\/cnt\/dmf20220103_95227412\" target=\"_blank\" rel=\"noopener\"><br \/>\nLees het artikel<br \/>\n<\/a><br \/>\n<a href=\"https:\/\/bertrandwaucquez.be\/wp-content\/uploads\/2021\/09\/20210208-La_Capitale-Le-capteur-de-CO2-une-arme-de-plus-dans-la-lutte-contre-le-Covid.pdf\" target=\"_blank\" rel=\"noopener\"><br \/>\n<img decoding=\"async\" src=\"https:\/\/bertrandwaucquez.be\/wp-content\/uploads\/2022\/04\/Print-screen-LLB-avril-2022.jpg\" alt=\"\" width=\"564\" height=\"627\"> <\/a><\/p>\n<h2>2022-04-06 \/ Belgi\u00eb<\/h2>\n<p>De vastgoedprijzen stijgen ook aan de rand van Brussel<\/p>\n<p><a role=\"button\" href=\"https:\/\/www.lalibre.be\/regions\/bruxelles\/2022\/04\/04\/dans-la-peripherie-de-bruxelles-egalement-les-prix-de-limmobilier-senvolent-infographies-ATVSYYN6XNFFHDWKRCI2PGLPBQ\/?fbclid=IwAR2xWIJsdget3wrlVe-j-2vCwgX6Ix9_POLPoya4vTh4hirtpzFh7qLTcKw\" target=\"_blank\" rel=\"noopener\"><br \/>\nLees het artikel<br \/>\n<\/a><br \/>\n<a href=\"https:\/\/bertrandwaucquez.be\/wp-content\/uploads\/2021\/09\/20210208-La_Capitale-Le-capteur-de-CO2-une-arme-de-plus-dans-la-lutte-contre-le-Covid.pdf\" target=\"_blank\" rel=\"noopener\"><br \/>\n<img decoding=\"async\" src=\"https:\/\/bertrandwaucquez.be\/wp-content\/uploads\/2021\/09\/2021-02-21-LA-CAPITALE.jpg\" sizes=\"(max-width: 668px) 100vw, 668px\" srcset=\"https:\/\/bertrandwaucquez.be\/wp-content\/uploads\/2021\/09\/2021-02-21-LA-CAPITALE.jpg 668w, https:\/\/bertrandwaucquez.be\/wp-content\/uploads\/2021\/09\/2021-02-21-LA-CAPITALE-300x214.jpg 300w\" alt=\"\" width=\"668\" height=\"477\"> <\/a><\/p>\n<h2>2021-02-08 \/ Sudinfo<\/h2>\n<p>De CO2-sensor, nog een wapen in de strijd tegen Covid<\/p>\n<p><a role=\"button\" href=\"https:\/\/bertrandwaucquez.be\/wp-content\/uploads\/2021\/09\/20210208-La_Capitale-Le-capteur-de-CO2-une-arme-de-plus-dans-la-lutte-contre-le-Covid.pdf\" target=\"_blank\" rel=\"noopener\"><br \/>\nLees het artikel<br \/>\n<\/a><br \/>\n<img decoding=\"async\" src=\"https:\/\/bertrandwaucquez.be\/wp-content\/uploads\/2022\/02\/2021-06-13-Channelnewasia-interview-Bertrand.jpg\" alt=\"\" width=\"947\" height=\"650\"><\/p>\n<h2>2021-06-13 \/ Kanaal Nieuw-Azi\u00eb<\/h2>\n<p>Belgi\u00eb pakt aerosol-overdracht van COVID-19 aan<\/p>\n<p><a role=\"button\" href=\"https:\/\/www.channelnewsasia.com\/watch\/belgium-tackles-aerosol-transmission-covid-19-video-1863936\" target=\"_blank\" rel=\"noopener\"><br \/>\nLees het artikel<br \/>\n<\/a><br \/>\n<img decoding=\"async\" src=\"https:\/\/bertrandwaucquez.be\/wp-content\/uploads\/2022\/02\/Art-Zwannen-2-300x300.jpg\" sizes=\"(max-width: 300px) 100vw, 300px\" srcset=\"https:\/\/bertrandwaucquez.be\/wp-content\/uploads\/2022\/02\/Art-Zwannen-2-300x300.jpg 300w, https:\/\/bertrandwaucquez.be\/wp-content\/uploads\/2022\/02\/Art-Zwannen-2-1024x1024.jpg 1024w, https:\/\/bertrandwaucquez.be\/wp-content\/uploads\/2022\/02\/Art-Zwannen-2-150x150.jpg 150w, https:\/\/bertrandwaucquez.be\/wp-content\/uploads\/2022\/02\/Art-Zwannen-2-768x768.jpg 768w\" alt=\"\" width=\"300\" height=\"300\"><\/p>\n<h2>2021-06-08 \/ Vogelopvangcentrum Malderen<\/h2>\n<p>EEN MOOI ZWANENVERHAAL,<br \/>\nIN SAMENWERKING MET VOC MALDEREN.<\/p>\n<p><a role=\"button\" href=\"https:\/\/bertrandwaucquez.be\/wp-content\/uploads\/2022\/02\/2021-06-08-Article-Zwannen.pdf\" target=\"_blank\" rel=\"noopener\"><br \/>\nLees het artikel<br \/>\n<\/a><br \/>\n<a href=\"http:\/\/etair.eu\/2021\/01\/belang-van-co2-monitoring-van-de-binnenlucht-interview-met-bertrand-waucquez-burgemeester-van-de-gemeente-kraainem\/\" target=\"_blank\" rel=\"noopener\"><br \/>\n<img decoding=\"async\" src=\"https:\/\/bertrandwaucquez.be\/wp-content\/uploads\/2021\/09\/2021-01-15-ETAIR.EU_.jpg\" sizes=\"(max-width: 601px) 100vw, 601px\" srcset=\"https:\/\/bertrandwaucquez.be\/wp-content\/uploads\/2021\/09\/2021-01-15-ETAIR.EU_.jpg 601w, https:\/\/bertrandwaucquez.be\/wp-content\/uploads\/2021\/09\/2021-01-15-ETAIR.EU_-300x280.jpg 300w\" alt=\"\" width=\"601\" height=\"561\"> <\/a><\/p>\n<h2>2021-01-15 \/ Interrego<\/h2>\n<p>Interview met Bertrand Waucquez, burgemeester van Kraainem.<\/p>\n<p><a role=\"button\" href=\"http:\/\/etair.eu\/2021\/01\/belang-van-co2-monitoring-van-de-binnenlucht-interview-met-bertrand-waucquez-burgemeester-van-de-gemeente-kraainem\/\" target=\"_blank\" rel=\"noopener\"><br \/>\nLees het artikel<br \/>\n<\/a><br \/>\n<a href=\"https:\/\/www.rtbf.be\/info\/societe\/detail_reouverture-des-salons-de-coiffure-quelles-solutions-pour-bien-ventiler-et-diminuer-les-risques-de-contamination?id=10691832\" target=\"_blank\" rel=\"noopener\"><br \/>\n<img decoding=\"async\" src=\"https:\/\/bertrandwaucquez.be\/wp-content\/uploads\/2021\/09\/2021-02-21-RTBF-coiffeurs.jpg\" sizes=\"(max-width: 710px) 100vw, 710px\" srcset=\"https:\/\/bertrandwaucquez.be\/wp-content\/uploads\/2021\/09\/2021-02-21-RTBF-coiffeurs.jpg 710w, https:\/\/bertrandwaucquez.be\/wp-content\/uploads\/2021\/09\/2021-02-21-RTBF-coiffeurs-300x262.jpg 300w\" alt=\"\" width=\"710\" height=\"621\"> <\/a><\/p>\n<h2>2021-02-06 \/ RTBF<\/h2>\n<p>Kapsalons heropenen: hoe goed ventileren en het risico op besmetting verminderen?<\/p>\n<p><a role=\"button\" href=\"https:\/\/www.rtbf.be\/info\/societe\/detail_reouverture-des-salons-de-coiffure-quelles-solutions-pour-bien-ventiler-et-diminuer-les-risques-de-contamination?id=10691832\" target=\"_blank\" rel=\"noopener\"><br \/>\nLees het artikel<br \/>\n<\/a><br \/>\n<a href=\"https:\/\/www.kraainem-unie.be\/fb-2790\/\" target=\"_blank\" rel=\"noopener\"><br \/>\n<img decoding=\"async\" src=\"https:\/\/bertrandwaucquez.be\/wp-content\/uploads\/2021\/09\/2021-02-21-RTBF-VIDEO.jpg\" sizes=\"(max-width: 896px) 100vw, 896px\" srcset=\"https:\/\/bertrandwaucquez.be\/wp-content\/uploads\/2021\/09\/2021-02-21-RTBF-VIDEO.jpg 896w, https:\/\/bertrandwaucquez.be\/wp-content\/uploads\/2021\/09\/2021-02-21-RTBF-VIDEO-300x216.jpg 300w, https:\/\/bertrandwaucquez.be\/wp-content\/uploads\/2021\/09\/2021-02-21-RTBF-VIDEO-768x554.jpg 768w\" alt=\"\" width=\"896\" height=\"646\"> <\/a><\/p>\n<h2>2021-02-06 \/ RTBF Journal T\u00e9l\u00e9vis\u00e9<\/h2>\n<p>VIDEO &#8211; CO2-sensoren: RTBF doet verslag vanuit Kraainem<br \/>\n<a role=\"button\" href=\"https:\/\/www.kraainem-unie.be\/fb-2790\/\" target=\"_blank\" rel=\"noopener\"><br \/>\nLees het artikel<br \/>\n<\/a><br \/>\n<a href=\"https:\/\/www.nieuwsblad.be\/cnt\/dmf20200731_94534115\" target=\"_blank\" rel=\"noopener\"><br \/>\n<img decoding=\"async\" src=\"https:\/\/bertrandwaucquez.be\/wp-content\/uploads\/2021\/09\/2020-07-20-HNB.jpg\" sizes=\"(max-width: 575px) 100vw, 575px\" srcset=\"https:\/\/bertrandwaucquez.be\/wp-content\/uploads\/2021\/09\/2020-07-20-HNB.jpg 575w, https:\/\/bertrandwaucquez.be\/wp-content\/uploads\/2021\/09\/2020-07-20-HNB-300x269.jpg 300w\" alt=\"\" width=\"575\" height=\"516\"> <\/a><\/p>\n<h2>2020-07-31 \/ Het Nieuwsbad<\/h2>\n<p>Kraainem stelt preventief gratis CO2-meters ter beschikking<\/p>\n<p><a role=\"button\" href=\"https:\/\/www.nieuwsblad.be\/cnt\/dmf20200731_94534115\" target=\"_blank\" rel=\"noopener\"><br \/>\nLees het artikel<br \/>\n<\/a><br \/>\n<a href=\"https:\/\/www.rtbf.be\/info\/regions\/detail_le-detecteur-de-co2-la-petite-idee-du-bourgmestre-de-kraainem-pour-lutter-contre-le-covid-19?id=10555530\" target=\"_blank\" rel=\"noopener\"><br \/>\n<img decoding=\"async\" src=\"https:\/\/bertrandwaucquez.be\/wp-content\/uploads\/2021\/09\/2020-08-20-RTBF.BE_.jpg\" sizes=\"(max-width: 711px) 100vw, 711px\" srcset=\"https:\/\/bertrandwaucquez.be\/wp-content\/uploads\/2021\/09\/2020-08-20-RTBF.BE_.jpg 711w, https:\/\/bertrandwaucquez.be\/wp-content\/uploads\/2021\/09\/2020-08-20-RTBF.BE_-300x260.jpg 300w\" alt=\"\" width=\"711\" height=\"616\"> <\/a><\/p>\n<h2>2020-08-05 \/ RTBF<\/h2>\n<p>De CO2-detector, het ideetje van de burgemeester van Kraainem om het coronavirus te bestrijden<\/p>\n<p><a role=\"button\" href=\"https:\/\/www.rtbf.be\/info\/regions\/detail_le-detecteur-de-co2-la-petite-idee-du-bourgmestre-de-kraainem-pour-lutter-contre-le-covid-19?id=10555530\" target=\"_blank\" rel=\"noopener\"><br \/>\nLees het artikel<br \/>\n<\/a><br \/>\n<a href=\"https:\/\/www.hln.be\/kraainem\/epidemioloog-harvard-university-lauwert-kraainem-om-inzet-co2-meters-tegen-coronavirus~a3ce8da0e\/\" target=\"_blank\" rel=\"noopener\"><br \/>\n<img decoding=\"async\" src=\"https:\/\/bertrandwaucquez.be\/wp-content\/uploads\/2021\/09\/2020-08-20-HLN-Epidemioloog.jpg\" sizes=\"(max-width: 512px) 100vw, 512px\" srcset=\"https:\/\/bertrandwaucquez.be\/wp-content\/uploads\/2021\/09\/2020-08-20-HLN-Epidemioloog.jpg 512w, https:\/\/bertrandwaucquez.be\/wp-content\/uploads\/2021\/09\/2020-08-20-HLN-Epidemioloog-300x197.jpg 300w\" alt=\"\" width=\"512\" height=\"337\"> <\/a><\/p>\n<h2>2020-08-06 \/ Het Laatste Nieuws<\/h2>\n<p>Epidemioloog Harvard University lauwert Kraainem om inzet CO2-meters tegen coronavirus<\/p>\n<p><a role=\"button\" href=\"https:\/\/www.hln.be\/kraainem\/epidemioloog-harvard-university-lauwert-kraainem-om-inzet-co2-meters-tegen-coronavirus~a3ce8da0e\/\" target=\"_blank\" rel=\"noopener\"><br \/>\nLees het artikel<br \/>\n<\/a><br \/>\n<a href=\"https:\/\/www.bruzz.be\/samenleving\/coronavirus-kraainem-doneert-preventief-co2-meters-om-verluchting-te-meten-2020-07-30\" target=\"_blank\" rel=\"noopener\"><br \/>\n<img decoding=\"async\" src=\"https:\/\/bertrandwaucquez.be\/wp-content\/uploads\/2021\/09\/202-07-30-BRUZZ.jpg\" sizes=\"(max-width: 453px) 100vw, 453px\" srcset=\"https:\/\/bertrandwaucquez.be\/wp-content\/uploads\/2021\/09\/202-07-30-BRUZZ.jpg 453w, https:\/\/bertrandwaucquez.be\/wp-content\/uploads\/2021\/09\/202-07-30-BRUZZ-268x300.jpg 268w\" alt=\"\" width=\"453\" height=\"507\"> <\/a><\/p>\n<h2>2020-07-30 \/ BRUZZ<\/h2>\n<p>Kraainem doneert preventieve CO2-meters om verluchting te meten<\/p>\n<p><a role=\"button\" href=\"https:\/\/www.bruzz.be\/samenleving\/coronavirus-kraainem-doneert-preventief-co2-meters-om-verluchting-te-meten-2020-07-30\" target=\"_blank\" rel=\"noopener\"><br \/>\nLees het artikel<br \/>\n<\/a><br \/>\n<a href=\"https:\/\/www.ringtv.be\/video\/kraainem-deelt-als-eerste-vlaamse-gemeente-co%E2%82%82-meters-uit\" target=\"_blank\" rel=\"noopener\"><br \/>\n<img decoding=\"async\" src=\"https:\/\/bertrandwaucquez.be\/wp-content\/uploads\/2021\/09\/2020-07-30-Ring-TV-video.jpg\" sizes=\"(max-width: 462px) 100vw, 462px\" srcset=\"https:\/\/bertrandwaucquez.be\/wp-content\/uploads\/2021\/09\/2020-07-30-Ring-TV-video.jpg 462w, https:\/\/bertrandwaucquez.be\/wp-content\/uploads\/2021\/09\/2020-07-30-Ring-TV-video-300x272.jpg 300w\" alt=\"\" width=\"462\" height=\"419\"> <\/a><\/p>\n<h2>2020-07-31 \/ RING TV<\/h2>\n<p>Interview Bertrand Waucquez<\/p>\n<p><a role=\"button\" href=\"https:\/\/www.ringtv.be\/video\/kraainem-deelt-als-eerste-vlaamse-gemeente-co%E2%82%82-meters-uit\" target=\"_blank\" rel=\"noopener\"><br \/>\nLees het artikel<br \/>\n<\/a><br \/>\n<a href=\"https:\/\/www.hln.be\/kraainem\/co2-meters-moeten-kans-op-verspreiding-van-coronavirus-in-kraainem-beperken~ad45a689\/\" target=\"_blank\" rel=\"noopener\"><br \/>\n<img decoding=\"async\" src=\"https:\/\/bertrandwaucquez.be\/wp-content\/uploads\/2021\/09\/2020-07-31-HLN.jpg\" sizes=\"(max-width: 539px) 100vw, 539px\" srcset=\"https:\/\/bertrandwaucquez.be\/wp-content\/uploads\/2021\/09\/2020-07-31-HLN.jpg 539w, https:\/\/bertrandwaucquez.be\/wp-content\/uploads\/2021\/09\/2020-07-31-HLN-293x300.jpg 293w\" alt=\"\" width=\"539\" height=\"551\"> <\/a><\/p>\n<h2>2020-07-31 \/ Het Laatste Nieuws<\/h2>\n<p>CO2-meters moeten kans op verspreiding van coronavirus in Kraainem beperken<\/p>\n<p><a role=\"button\" href=\"https:\/\/www.hln.be\/kraainem\/co2-meters-moeten-kans-op-verspreiding-van-coronavirus-in-kraainem-beperken~ad45a689\/\" target=\"_blank\" rel=\"noopener\"><br \/>\nLees het artikel<br \/>\n<\/a><br \/>\n<img decoding=\"async\" src=\"https:\/\/bertrandwaucquez.be\/wp-content\/uploads\/2021\/09\/2020-07-30-Ring-TV.jpg\" sizes=\"(max-width: 440px) 100vw, 440px\" srcset=\"https:\/\/bertrandwaucquez.be\/wp-content\/uploads\/2021\/09\/2020-07-30-Ring-TV.jpg 440w, https:\/\/bertrandwaucquez.be\/wp-content\/uploads\/2021\/09\/2020-07-30-Ring-TV-221x300.jpg 221w\" alt=\"\" width=\"440\" height=\"597\"><\/p>\n<h2>2020-07-30 \/ RING TV<\/h2>\n<p>Kraainem deelt als eerste Vlaamse gemeente CO\u2082 -meters uit<\/p>\n<p><a role=\"button\" href=\"https:\/\/www.ringtv.be\/nieuws\/kraainem-deelt-als-eerste-vlaamse-gemeente-co%E2%82%82-meters-uit\" target=\"_blank\" rel=\"noopener\"><br \/>\nLees het artikel<br \/>\n<\/a><\/p>\n<h2>2019-01-09 \/ Verkiezingen18<\/h2>\n<p>Gemeenteraad Kraainem duidt Bertrand Waucquez aan als aangewezen<\/p>\n<p><a role=\"button\" href=\"https:\/\/bertrandwaucquez.be\/wp-content\/uploads\/2021\/09\/20190108_Belga_p-0_Verkiezingen18-Gemeenteraad-Kraainem-duidt-Bertrand-Waucquez-aan-als-aangewezen-b-1.pdf\" target=\"_blank\" rel=\"noopener\"><br \/>\nLees het artikel<br \/>\n<\/a><\/p>\n<h2>2019-01-08 \/ Verkiezingen 2018<\/h2>\n<p>De gemeenteraad van Crainhem is ge\u00efnstalleerd, en de meerderheid is heel smal<\/p>\n<p><a role=\"button\" href=\"http:\/\/Elections-2018-Elections%202018%20-%20Le%20conseil%20communal%20de%20Crainhem%20est%20install%C3%A9;%20la%20majorit%C3%A9%20est%20tr%C3%A8s%20%C3%A9troite\" target=\"_blank\" rel=\"noopener\"><br \/>\nLees het artikel<br \/>\n<\/a><\/p>\n","protected":false},"excerpt":{"rendered":"<p>Persoverzicht In dit gedeelte hebben we enkele artikelen die sindsdien in de pers zijn verschenen begin 2019. &nbsp; 2021-11-16 \/  [&#8230;]<\/p>\n","protected":false},"author":5,"featured_media":0,"parent":0,"menu_order":0,"comment_status":"closed","ping_status":"closed","template":"","meta":{"footnotes":""},"class_list":["post-7894","page","type-page","status-publish","hentry"],"_links":{"self":[{"href":"https:\/\/bertrandwaucquez.be\/nl\/wp-json\/wp\/v2\/pages\/7894","targetHints":{"allow":["GET"]}}],"collection":[{"href":"https:\/\/bertrandwaucquez.be\/nl\/wp-json\/wp\/v2\/pages"}],"about":[{"href":"https:\/\/bertrandwaucquez.be\/nl\/wp-json\/wp\/v2\/types\/page"}],"author":[{"embeddable":true,"href":"https:\/\/bertrandwaucquez.be\/nl\/wp-json\/wp\/v2\/users\/5"}],"replies":[{"embeddable":true,"href":"https:\/\/bertrandwaucquez.be\/nl\/wp-json\/wp\/v2\/comments?post=7894"}],"version-history":[{"count":1,"href":"https:\/\/bertrandwaucquez.be\/nl\/wp-json\/wp\/v2\/pages\/7894\/revisions"}],"predecessor-version":[{"id":9914,"href":"https:\/\/bertrandwaucquez.be\/nl\/wp-json\/wp\/v2\/pages\/7894\/revisions\/9914"}],"wp:attachment":[{"href":"https:\/\/bertrandwaucquez.be\/nl\/wp-json\/wp\/v2\/media?parent=7894"}],"curies":[{"name":"wp","href":"https:\/\/api.w.org\/{rel}","templated":true}]}}